{"id":3985,"date":"2020-07-07T04:14:44","date_gmt":"2020-07-06T20:14:44","guid":{"rendered":"http:\/\/wpdemo.archiwp.com\/theratio\/?page_id=3985"},"modified":"2021-12-20T16:15:57","modified_gmt":"2021-12-20T08:15:57","slug":"news","status":"publish","type":"page","link":"https:\/\/laifen-nonwovenfabric.com\/es\/news","title":{"rendered":"Noticias"},"content":{"rendered":"<div data-elementor-type=\"wp-page\" data-elementor-id=\"3985\" class=\"elementor elementor-3985\">\n\t\t\t\t\t\t<section class=\"elementor-section elementor-top-section elementor-element elementor-element-14a9d808 elementor-section-boxed elementor-section-height-default elementor-section-height-default\" data-id=\"14a9d808\" data-element_type=\"section\" data-settings=\"{&quot;background_background&quot;:&quot;classic&quot;}\">\n\t\t\t\t\t\t<div class=\"elementor-container elementor-column-gap-default\">\n\t\t\t\t\t<div class=\"elementor-column elementor-col-100 elementor-top-column elementor-element elementor-element-7919f86 ot-flex-column-vertical\" data-id=\"7919f86\" data-element_type=\"column\">\n\t\t\t<div class=\"elementor-widget-wrap elementor-element-populated\">\n\t\t\t\t\t\t<div class=\"elementor-element elementor-element-4ee9941 elementor-widget elementor-widget-heading\" data-id=\"4ee9941\" data-element_type=\"widget\" data-widget_type=\"heading.default\">\n\t\t\t\t<div class=\"elementor-widget-container\">\n\t\t\t\t\t<h2 class=\"elementor-heading-title elementor-size-default\">Noticias<\/h2>\t\t\t\t<\/div>\n\t\t\t\t<\/div>\n\t\t\t\t<div class=\"elementor-element elementor-element-273a60c elementor-grid-1 elementor-grid-tablet-1 elementor-posts--thumbnail-left lx_list_news elementor-grid-mobile-1 elementor-widget elementor-widget-posts\" data-id=\"273a60c\" data-element_type=\"widget\" data-settings=\"{&quot;classic_columns&quot;:&quot;1&quot;,&quot;classic_columns_tablet&quot;:&quot;1&quot;,&quot;classic_row_gap&quot;:{&quot;unit&quot;:&quot;px&quot;,&quot;size&quot;:40,&quot;sizes&quot;:[]},&quot;classic_columns_mobile&quot;:&quot;1&quot;}\" data-widget_type=\"posts.classic\">\n\t\t\t\t<div class=\"elementor-widget-container\">\n\t\t\t\t\t\t\t<div class=\"elementor-posts-container elementor-posts elementor-posts--skin-classic elementor-grid\">\n\t\t\t\t<article class=\"elementor-post elementor-grid-item post-17059 post type-post status-publish format-standard has-post-thumbnail hentry category-news\">\n\t\t\t\t<a class=\"elementor-post__thumbnail__link\" href=\"https:\/\/laifen-nonwovenfabric.com\/es\/the-application-of-agricultural-non-woven-fabrics.html\" >\n\t\t\t<div class=\"elementor-post__thumbnail\"><img fetchpriority=\"high\" decoding=\"async\" width=\"750\" height=\"560\" src=\"https:\/\/laifen-nonwovenfabric.com\/wp-content\/uploads\/2021\/12\/2021122013.jpg\" class=\"attachment-full size-full wp-image-15869\" alt=\"\" srcset=\"https:\/\/laifen-nonwovenfabric.com\/wp-content\/uploads\/2021\/12\/2021122013.jpg 750w, https:\/\/laifen-nonwovenfabric.com\/wp-content\/uploads\/2021\/12\/2021122013-16x12.jpg 16w\" sizes=\"(max-width: 750px) 100vw, 750px\" \/><\/div>\n\t\t<\/a>\n\t\t\t\t<div class=\"elementor-post__text\">\n\t\t\t\t<div class=\"elementor-post__title\">\n\t\t\t<a href=\"https:\/\/laifen-nonwovenfabric.com\/es\/the-application-of-agricultural-non-woven-fabrics.html\" >\n\t\t\t\t<strong>The application of agricultural non-woven fabrics<\/strong><strong><\/strong>\t\t\t<\/a>\n\t\t<\/div>\n\t\t\t\t<div class=\"elementor-post__meta-data\">\n\t\t\t\t\t<span class=\"elementor-post-date\">\n\t\t\t2022-06-15\t\t<\/span>\n\t\t\t\t<\/div>\n\t\t\t\t<div class=\"elementor-post__excerpt\">\n\t\t\t<p>1. Agricultural non-woven fabrics are mainly used in vegetable flower running, weed prevention and weeding, rice seedling raising, dust and dust suppression, slope protection, pest<\/p>\n\t\t<\/div>\n\t\t\t\t\t<a class=\"elementor-post__read-more\" href=\"https:\/\/laifen-nonwovenfabric.com\/es\/the-application-of-agricultural-non-woven-fabrics.html\" >\n\t\t\t\tLee mas &quot;\t\t\t<\/a>\n\t\t\t\t<\/div>\n\t\t\t\t<\/article>\n\t\t\t\t<article class=\"elementor-post elementor-grid-item post-17057 post type-post status-publish format-standard has-post-thumbnail hentry category-news\">\n\t\t\t\t<a class=\"elementor-post__thumbnail__link\" href=\"https:\/\/laifen-nonwovenfabric.com\/es\/what-is-the-use-of-non-woven-fabrics.html\" >\n\t\t\t<div class=\"elementor-post__thumbnail\"><img decoding=\"async\" width=\"750\" height=\"560\" src=\"https:\/\/laifen-nonwovenfabric.com\/wp-content\/uploads\/2021\/12\/2021122833-1.jpg\" class=\"attachment-full size-full wp-image-16589\" alt=\"\" srcset=\"https:\/\/laifen-nonwovenfabric.com\/wp-content\/uploads\/2021\/12\/2021122833-1.jpg 750w, https:\/\/laifen-nonwovenfabric.com\/wp-content\/uploads\/2021\/12\/2021122833-1-16x12.jpg 16w\" sizes=\"(max-width: 750px) 100vw, 750px\" \/><\/div>\n\t\t<\/a>\n\t\t\t\t<div class=\"elementor-post__text\">\n\t\t\t\t<div class=\"elementor-post__title\">\n\t\t\t<a href=\"https:\/\/laifen-nonwovenfabric.com\/es\/what-is-the-use-of-non-woven-fabrics.html\" >\n\t\t\t\t<strong>What <\/strong><strong>i<\/strong><strong>s <\/strong><strong>t<\/strong><strong>he <\/strong><strong>u<\/strong><strong>se <\/strong><strong>o<\/strong><strong>f Non-woven Fabrics?<\/strong><strong><\/strong>\t\t\t<\/a>\n\t\t<\/div>\n\t\t\t\t<div class=\"elementor-post__meta-data\">\n\t\t\t\t\t<span class=\"elementor-post-date\">\n\t\t\t2022-06-15\t\t<\/span>\n\t\t\t\t<\/div>\n\t\t\t\t<div class=\"elementor-post__excerpt\">\n\t\t\t<p>Compared with other textile fabrics, non-woven fabrics have the advantages of short process flow, high productivity, high output and low cost. Therefore, non-woven fabrics are<\/p>\n\t\t<\/div>\n\t\t\t\t\t<a class=\"elementor-post__read-more\" href=\"https:\/\/laifen-nonwovenfabric.com\/es\/what-is-the-use-of-non-woven-fabrics.html\" >\n\t\t\t\tLee mas &quot;\t\t\t<\/a>\n\t\t\t\t<\/div>\n\t\t\t\t<\/article>\n\t\t\t\t<article class=\"elementor-post elementor-grid-item post-17054 post type-post status-publish format-standard has-post-thumbnail hentry category-news\">\n\t\t\t\t<a class=\"elementor-post__thumbnail__link\" href=\"https:\/\/laifen-nonwovenfabric.com\/es\/sms-nonwoven-fabric.html\" >\n\t\t\t<div class=\"elementor-post__thumbnail\"><img decoding=\"async\" width=\"443\" height=\"333\" src=\"https:\/\/laifen-nonwovenfabric.com\/wp-content\/uploads\/2021\/12\/2021122175.jpg\" class=\"attachment-full size-full wp-image-16198\" alt=\"\" srcset=\"https:\/\/laifen-nonwovenfabric.com\/wp-content\/uploads\/2021\/12\/2021122175.jpg 443w, https:\/\/laifen-nonwovenfabric.com\/wp-content\/uploads\/2021\/12\/2021122175-16x12.jpg 16w\" sizes=\"(max-width: 443px) 100vw, 443px\" \/><\/div>\n\t\t<\/a>\n\t\t\t\t<div class=\"elementor-post__text\">\n\t\t\t\t<div class=\"elementor-post__title\">\n\t\t\t<a href=\"https:\/\/laifen-nonwovenfabric.com\/es\/sms-nonwoven-fabric.html\" >\n\t\t\t\t<strong>SMS Nonwoven Fabric<\/strong><strong><\/strong>\t\t\t<\/a>\n\t\t<\/div>\n\t\t\t\t<div class=\"elementor-post__meta-data\">\n\t\t\t\t\t<span class=\"elementor-post-date\">\n\t\t\t2022-06-15\t\t<\/span>\n\t\t\t\t<\/div>\n\t\t\t\t<div class=\"elementor-post__excerpt\">\n\t\t\t<p>What is SMS Nonwoven fabric? SMS non-woven fabric is made of three layers of spunbond non-woven fabric + melt-blown non-woven fabric + spun-bonded non-woven fabric<\/p>\n\t\t<\/div>\n\t\t\t\t\t<a class=\"elementor-post__read-more\" href=\"https:\/\/laifen-nonwovenfabric.com\/es\/sms-nonwoven-fabric.html\" >\n\t\t\t\tLee mas &quot;\t\t\t<\/a>\n\t\t\t\t<\/div>\n\t\t\t\t<\/article>\n\t\t\t\t<article class=\"elementor-post elementor-grid-item post-17051 post type-post status-publish format-standard has-post-thumbnail hentry category-news\">\n\t\t\t\t<a class=\"elementor-post__thumbnail__link\" href=\"https:\/\/laifen-nonwovenfabric.com\/es\/medical-non-woven-fabric.html\" >\n\t\t\t<div class=\"elementor-post__thumbnail\"><img loading=\"lazy\" decoding=\"async\" width=\"750\" height=\"560\" src=\"https:\/\/laifen-nonwovenfabric.com\/wp-content\/uploads\/2021\/12\/2021122872.jpg\" class=\"attachment-full size-full wp-image-16563\" alt=\"\" srcset=\"https:\/\/laifen-nonwovenfabric.com\/wp-content\/uploads\/2021\/12\/2021122872.jpg 750w, https:\/\/laifen-nonwovenfabric.com\/wp-content\/uploads\/2021\/12\/2021122872-16x12.jpg 16w\" sizes=\"(max-width: 750px) 100vw, 750px\" \/><\/div>\n\t\t<\/a>\n\t\t\t\t<div class=\"elementor-post__text\">\n\t\t\t\t<div class=\"elementor-post__title\">\n\t\t\t<a href=\"https:\/\/laifen-nonwovenfabric.com\/es\/medical-non-woven-fabric.html\" >\n\t\t\t\t<strong>Medical Non-woven Fabric<\/strong><strong><\/strong>\t\t\t<\/a>\n\t\t<\/div>\n\t\t\t\t<div class=\"elementor-post__meta-data\">\n\t\t\t\t\t<span class=\"elementor-post-date\">\n\t\t\t2022-06-15\t\t<\/span>\n\t\t\t\t<\/div>\n\t\t\t\t<div class=\"elementor-post__excerpt\">\n\t\t\t<p>Non-woven fabric has the characteristics of non-toxic, non-irritating, antibacterial and chemical resistance. Medical non-woven fabrics are widely used in the production of surgical masks, surgical<\/p>\n\t\t<\/div>\n\t\t\t\t\t<a class=\"elementor-post__read-more\" href=\"https:\/\/laifen-nonwovenfabric.com\/es\/medical-non-woven-fabric.html\" >\n\t\t\t\tLee mas &quot;\t\t\t<\/a>\n\t\t\t\t<\/div>\n\t\t\t\t<\/article>\n\t\t\t\t<article class=\"elementor-post elementor-grid-item post-16896 post type-post status-publish format-standard has-post-thumbnail hentry category-news\">\n\t\t\t\t<a class=\"elementor-post__thumbnail__link\" href=\"https:\/\/laifen-nonwovenfabric.com\/es\/congratulation-laifen-non-woven-co-ltd-is-certified.html\" >\n\t\t\t<div class=\"elementor-post__thumbnail\"><img loading=\"lazy\" decoding=\"async\" width=\"400\" height=\"400\" src=\"https:\/\/laifen-nonwovenfabric.com\/wp-content\/uploads\/2022\/01\/2022010423.jpg\" class=\"attachment-full size-full wp-image-16899\" alt=\"\" srcset=\"https:\/\/laifen-nonwovenfabric.com\/wp-content\/uploads\/2022\/01\/2022010423.jpg 400w, https:\/\/laifen-nonwovenfabric.com\/wp-content\/uploads\/2022\/01\/2022010423-12x12.jpg 12w\" sizes=\"(max-width: 400px) 100vw, 400px\" \/><\/div>\n\t\t<\/a>\n\t\t\t\t<div class=\"elementor-post__text\">\n\t\t\t\t<div class=\"elementor-post__title\">\n\t\t\t<a href=\"https:\/\/laifen-nonwovenfabric.com\/es\/congratulation-laifen-non-woven-co-ltd-is-certified.html\" >\n\t\t\t\tFelicitaciones Laifen non-woven co., Ltd. est\u00e1 certificada \u2026\u2026\t\t\t<\/a>\n\t\t<\/div>\n\t\t\t\t<div class=\"elementor-post__meta-data\">\n\t\t\t\t\t<span class=\"elementor-post-date\">\n\t\t\t2021-12-20\t\t<\/span>\n\t\t\t\t<\/div>\n\t\t\t\t<div class=\"elementor-post__excerpt\">\n\t\t\t<p>Felicitaciones Laifen non-woven co., Ltd. est\u00e1 certificada como empresa zibo Gazelle. Las empresas Gazelle se refieren a empresas innovadoras y emprendedoras que cruzan el Valle de la Muerte y entran en una etapa de crecimiento de alta velocidad. Esto marca un nuevo paso para la empresa. Espero que todo el personal de Laifen est\u00e9 libre de arrogancia y temeridad, haga todo lo posible para prestar atenci\u00f3n a la calidad y diversificaci\u00f3n de productos, ocupa un mercado industrial m\u00e1s grande!<\/p>\n\t\t<\/div>\n\t\t\t\t\t<a class=\"elementor-post__read-more\" href=\"https:\/\/laifen-nonwovenfabric.com\/es\/congratulation-laifen-non-woven-co-ltd-is-certified.html\" >\n\t\t\t\tLee mas &quot;\t\t\t<\/a>\n\t\t\t\t<\/div>\n\t\t\t\t<\/article>\n\t\t\t\t<article class=\"elementor-post elementor-grid-item post-15068 post type-post status-publish format-standard has-post-thumbnail hentry category-news\">\n\t\t\t\t<a class=\"elementor-post__thumbnail__link\" href=\"https:\/\/laifen-nonwovenfabric.com\/es\/congratulations-to-the-company.html\" >\n\t\t\t<div class=\"elementor-post__thumbnail\"><img loading=\"lazy\" decoding=\"async\" width=\"400\" height=\"400\" src=\"https:\/\/laifen-nonwovenfabric.com\/wp-content\/uploads\/2021\/12\/2021121658.jpg\" class=\"attachment-full size-full wp-image-15308\" alt=\"\" srcset=\"https:\/\/laifen-nonwovenfabric.com\/wp-content\/uploads\/2021\/12\/2021121658.jpg 400w, https:\/\/laifen-nonwovenfabric.com\/wp-content\/uploads\/2021\/12\/2021121658-12x12.jpg 12w\" sizes=\"(max-width: 400px) 100vw, 400px\" \/><\/div>\n\t\t<\/a>\n\t\t\t\t<div class=\"elementor-post__text\">\n\t\t\t\t<div class=\"elementor-post__title\">\n\t\t\t<a href=\"https:\/\/laifen-nonwovenfabric.com\/es\/congratulations-to-the-company.html\" >\n\t\t\t\tFelicitaciones a la empresa por obtener \u2026\u2026\t\t\t<\/a>\n\t\t<\/div>\n\t\t\t\t<div class=\"elementor-post__meta-data\">\n\t\t\t\t\t<span class=\"elementor-post-date\">\n\t\t\t2020-12-15\t\t<\/span>\n\t\t\t\t<\/div>\n\t\t\t\t<div class=\"elementor-post__excerpt\">\n\t\t\t<p>Felicitaciones a la empresa por obtener el t\u00edtulo honor\u00edfico de Empresa Nacional de Alta Tecnolog\u00eda certificada por el Centro de Desarrollo de la Industria de Alta Tecnolog\u00eda Torch, Ministerio de Ciencia<\/p>\n\t\t<\/div>\n\t\t\t\t\t<a class=\"elementor-post__read-more\" href=\"https:\/\/laifen-nonwovenfabric.com\/es\/congratulations-to-the-company.html\" >\n\t\t\t\tLee mas &quot;\t\t\t<\/a>\n\t\t\t\t<\/div>\n\t\t\t\t<\/article>\n\t\t\t\t<article class=\"elementor-post elementor-grid-item post-6037 post type-post status-publish format-standard has-post-thumbnail hentry category-news\">\n\t\t\t\t<a class=\"elementor-post__thumbnail__link\" href=\"https:\/\/laifen-nonwovenfabric.com\/es\/xiao-bo-general-manager.html\" >\n\t\t\t<div class=\"elementor-post__thumbnail\"><img loading=\"lazy\" decoding=\"async\" width=\"400\" height=\"400\" src=\"https:\/\/laifen-nonwovenfabric.com\/wp-content\/uploads\/2021\/03\/2021122178.jpg\" class=\"attachment-full size-full wp-image-16107\" alt=\"\" srcset=\"https:\/\/laifen-nonwovenfabric.com\/wp-content\/uploads\/2021\/03\/2021122178.jpg 400w, https:\/\/laifen-nonwovenfabric.com\/wp-content\/uploads\/2021\/03\/2021122178-12x12.jpg 12w\" sizes=\"(max-width: 400px) 100vw, 400px\" \/><\/div>\n\t\t<\/a>\n\t\t\t\t<div class=\"elementor-post__text\">\n\t\t\t\t<div class=\"elementor-post__title\">\n\t\t\t<a href=\"https:\/\/laifen-nonwovenfabric.com\/es\/xiao-bo-general-manager.html\" >\n\t\t\t\tEl 29 de enero de 2020, Xiao Bo, Gerente General \u2026\u2026\t\t\t<\/a>\n\t\t<\/div>\n\t\t\t\t<div class=\"elementor-post__meta-data\">\n\t\t\t\t\t<span class=\"elementor-post-date\">\n\t\t\t2020-01-30\t\t<\/span>\n\t\t\t\t<\/div>\n\t\t\t\t<div class=\"elementor-post__excerpt\">\n\t\t\t<p>El 29 de enero de 2020, Xiao Bo, Gerente General de Shandong Lai-Fen Non-woven Fabric Co., Ltd. acompa\u00f1\u00f3 a Jiang Duntao, Secretario del Comit\u00e9 Zibo del PCCh, y<\/p>\n\t\t<\/div>\n\t\t\t\t\t<a class=\"elementor-post__read-more\" href=\"https:\/\/laifen-nonwovenfabric.com\/es\/xiao-bo-general-manager.html\" >\n\t\t\t\tLee mas &quot;\t\t\t<\/a>\n\t\t\t\t<\/div>\n\t\t\t\t<\/article>\n\t\t\t\t<article class=\"elementor-post elementor-grid-item post-7705 post type-post status-publish format-standard has-post-thumbnail hentry category-news\">\n\t\t\t\t<a class=\"elementor-post__thumbnail__link\" href=\"https:\/\/laifen-nonwovenfabric.com\/es\/since-the-end-of-the-year-2019.html\" >\n\t\t\t<div class=\"elementor-post__thumbnail\"><img loading=\"lazy\" decoding=\"async\" width=\"400\" height=\"400\" src=\"https:\/\/laifen-nonwovenfabric.com\/wp-content\/uploads\/2021\/12\/2021121617.jpg\" class=\"attachment-full size-full wp-image-15304\" alt=\"\" srcset=\"https:\/\/laifen-nonwovenfabric.com\/wp-content\/uploads\/2021\/12\/2021121617.jpg 400w, https:\/\/laifen-nonwovenfabric.com\/wp-content\/uploads\/2021\/12\/2021121617-12x12.jpg 12w\" sizes=\"(max-width: 400px) 100vw, 400px\" \/><\/div>\n\t\t<\/a>\n\t\t\t\t<div class=\"elementor-post__text\">\n\t\t\t\t<div class=\"elementor-post__title\">\n\t\t\t<a href=\"https:\/\/laifen-nonwovenfabric.com\/es\/since-the-end-of-the-year-2019.html\" >\n\t\t\t\tDesde finales del a\u00f1o 2019, la propagaci\u00f3n del \u2026\u2026\t\t\t<\/a>\n\t\t<\/div>\n\t\t\t\t<div class=\"elementor-post__meta-data\">\n\t\t\t\t\t<span class=\"elementor-post-date\">\n\t\t\t2020-01-22\t\t<\/span>\n\t\t\t\t<\/div>\n\t\t\t\t<div class=\"elementor-post__excerpt\">\n\t\t\t<p>Desde finales del a\u00f1o 2019, la propagaci\u00f3n del COVID19 ha provocado un fuerte aumento de la demanda de mascarillas, especialmente<\/p>\n\t\t<\/div>\n\t\t\t\t\t<a class=\"elementor-post__read-more\" href=\"https:\/\/laifen-nonwovenfabric.com\/es\/since-the-end-of-the-year-2019.html\" >\n\t\t\t\tLee mas &quot;\t\t\t<\/a>\n\t\t\t\t<\/div>\n\t\t\t\t<\/article>\n\t\t\t\t<article class=\"elementor-post elementor-grid-item post-15070 post type-post status-publish format-standard has-post-thumbnail hentry category-news\">\n\t\t\t\t<a class=\"elementor-post__thumbnail__link\" href=\"https:\/\/laifen-nonwovenfabric.com\/es\/our-company-participated.html\" >\n\t\t\t<div class=\"elementor-post__thumbnail\"><img loading=\"lazy\" decoding=\"async\" width=\"400\" height=\"400\" src=\"https:\/\/laifen-nonwovenfabric.com\/wp-content\/uploads\/2021\/12\/2021122047.jpg\" class=\"attachment-full size-full wp-image-15989\" alt=\"\" srcset=\"https:\/\/laifen-nonwovenfabric.com\/wp-content\/uploads\/2021\/12\/2021122047.jpg 400w, https:\/\/laifen-nonwovenfabric.com\/wp-content\/uploads\/2021\/12\/2021122047-12x12.jpg 12w\" sizes=\"(max-width: 400px) 100vw, 400px\" \/><\/div>\n\t\t<\/a>\n\t\t\t\t<div class=\"elementor-post__text\">\n\t\t\t\t<div class=\"elementor-post__title\">\n\t\t\t<a href=\"https:\/\/laifen-nonwovenfabric.com\/es\/our-company-participated.html\" >\n\t\t\t\tNuestra empresa particip\u00f3 en el International \u2026\u2026\t\t\t<\/a>\n\t\t<\/div>\n\t\t\t\t<div class=\"elementor-post__meta-data\">\n\t\t\t\t\t<span class=\"elementor-post-date\">\n\t\t\t2016-04-30\t\t<\/span>\n\t\t\t\t<\/div>\n\t\t\t\t<div class=\"elementor-post__excerpt\">\n\t\t\t<p>Nuestra empresa particip\u00f3 en la Exposici\u00f3n Internacional de No Tejidos (IDEA 13) organizada por la Asociaci\u00f3n Estadounidense de la Industria de No Tejidos (INDA) en el Centro de Convenciones de Miami Beach en<\/p>\n\t\t<\/div>\n\t\t\t\t\t<a class=\"elementor-post__read-more\" href=\"https:\/\/laifen-nonwovenfabric.com\/es\/our-company-participated.html\" >\n\t\t\t\tLee mas &quot;\t\t\t<\/a>\n\t\t\t\t<\/div>\n\t\t\t\t<\/article>\n\t\t\t\t<\/div>\n\t\t\t\t\t\t<\/div>\n\t\t\t\t<\/div>\n\t\t\t\t\t<\/div>\n\t\t<\/div>\n\t\t\t\t\t<\/div>\n\t\t<\/section>\n\t\t\t\t<\/div>","protected":false},"excerpt":{"rendered":"<p>Noticias<\/p>","protected":false},"author":1,"featured_media":0,"parent":0,"menu_order":0,"comment_status":"closed","ping_status":"closed","template":"","meta":{"footnotes":""},"class_list":["post-3985","page","type-page","status-publish","hentry"],"_links":{"self":[{"href":"https:\/\/laifen-nonwovenfabric.com\/es\/wp-json\/wp\/v2\/pages\/3985","targetHints":{"allow":["GET"]}}],"collection":[{"href":"https:\/\/laifen-nonwovenfabric.com\/es\/wp-json\/wp\/v2\/pages"}],"about":[{"href":"https:\/\/laifen-nonwovenfabric.com\/es\/wp-json\/wp\/v2\/types\/page"}],"author":[{"embeddable":true,"href":"https:\/\/laifen-nonwovenfabric.com\/es\/wp-json\/wp\/v2\/users\/1"}],"replies":[{"embeddable":true,"href":"https:\/\/laifen-nonwovenfabric.com\/es\/wp-json\/wp\/v2\/comments?post=3985"}],"version-history":[{"count":0,"href":"https:\/\/laifen-nonwovenfabric.com\/es\/wp-json\/wp\/v2\/pages\/3985\/revisions"}],"wp:attachment":[{"href":"https:\/\/laifen-nonwovenfabric.com\/es\/wp-json\/wp\/v2\/media?parent=3985"}],"curies":[{"name":"wp","href":"https:\/\/api.w.org\/{rel}","templated":true}]}}