{"id":2014,"date":"2020-05-08T06:54:27","date_gmt":"2020-05-07T22:54:27","guid":{"rendered":"http:\/\/localhost\/theratio\/?page_id=2014"},"modified":"2022-01-05T17:00:42","modified_gmt":"2022-01-05T09:00:42","slug":"contacts","status":"publish","type":"page","link":"https:\/\/laifen-nonwovenfabric.com\/es\/contacts","title":{"rendered":"contactos"},"content":{"rendered":"<div data-elementor-type=\"wp-page\" data-elementor-id=\"2014\" class=\"elementor elementor-2014\">\n\t\t\t\t\t\t<section class=\"elementor-section elementor-top-section elementor-element elementor-element-6186a16 elementor-section-boxed elementor-section-height-default elementor-section-height-default\" data-id=\"6186a16\" data-element_type=\"section\" data-settings=\"{&quot;background_background&quot;:&quot;classic&quot;}\">\n\t\t\t\t\t\t<div class=\"elementor-container elementor-column-gap-default\">\n\t\t\t\t\t<div class=\"elementor-column elementor-col-100 elementor-top-column elementor-element elementor-element-ad2e4f9 ot-flex-column-vertical\" data-id=\"ad2e4f9\" data-element_type=\"column\" data-settings=\"{&quot;background_background&quot;:&quot;classic&quot;}\">\n\t\t\t<div class=\"elementor-widget-wrap elementor-element-populated\">\n\t\t\t\t\t\t<div class=\"elementor-element elementor-element-9c26a16 elementor-widget elementor-widget-heading\" data-id=\"9c26a16\" data-element_type=\"widget\" data-widget_type=\"heading.default\">\n\t\t\t\t<div class=\"elementor-widget-container\">\n\t\t\t\t\t<h2 class=\"elementor-heading-title elementor-size-default\">Cont\u00e1ctenos<\/h2>\t\t\t\t<\/div>\n\t\t\t\t<\/div>\n\t\t\t\t<section class=\"elementor-section elementor-inner-section elementor-element elementor-element-9c28a55 elementor-section-boxed elementor-section-height-default elementor-section-height-default\" data-id=\"9c28a55\" data-element_type=\"section\">\n\t\t\t\t\t\t<div class=\"elementor-container elementor-column-gap-default\">\n\t\t\t\t\t<div class=\"elementor-column elementor-col-33 elementor-inner-column elementor-element elementor-element-3ae19e5 ot-flex-column-vertical\" data-id=\"3ae19e5\" data-element_type=\"column\">\n\t\t\t<div class=\"elementor-widget-wrap elementor-element-populated\">\n\t\t\t\t\t\t<div class=\"elementor-element elementor-element-38f51ca elementor-widget elementor-widget-iflip_box\" data-id=\"38f51ca\" data-element_type=\"widget\" data-widget_type=\"iflip_box.default\">\n\t\t\t\t<div class=\"elementor-widget-container\">\n\t\t\t\t\t\r\n\t\t<div class=\"support-box\">\r\n\t\t\t<div class=\"inner-box\">\r\n\t\t\t\t<div class=\"overlay flex-middle\">\r\n\t\t\t\t\t<div class=\"inner\">\r\n\t\t\t\t\t\t<p>Estamos en l\u00ednea las 24 horas del d\u00eda y le atendemos sinceramente. Toda su informaci\u00f3n se mantendr\u00e1 confidencial para usted.<\/p>\r\n\t\t\t\t\t<\/div>\r\n\t\t\t\t<\/div>\r\n\t\t\t\t<div class=\"content-box\">\r\n\t\t\t\t\t<div class=\"icon-title\">\r\n\t\t\t\t        \t\t\t\t        \t<svg xmlns=\"http:\/\/www.w3.org\/2000\/svg\" xmlns:xlink=\"http:\/\/www.w3.org\/1999\/xlink\" id=\"Capa_1\" x=\"0px\" y=\"0px\" viewbox=\"0 0 512 512\" style=\"enable-background:new 0 0 512 512;\" xml:space=\"preserve\"><g>\t<g>\t\t<path d=\"M511.95,412.553c-0.714-19.805-8.964-38.287-23.229-52.042c-27.931-26.933-51.333-42.481-73.647-48.929   c-30.745-8.886-59.225-0.806-84.641,24.016c-0.038,0.037-0.076,0.075-0.114,0.113l-27.04,26.838   c-16.899-9.526-49.759-30.442-85.261-65.944l-2.632-2.63c-35.508-35.507-56.423-68.373-65.94-85.253l26.84-27.041   c0.038-0.038,0.076-0.076,0.114-0.115c24.821-25.414,32.901-53.892,24.016-84.641c-6.449-22.313-21.996-45.715-48.93-73.646   C137.732,9.016,119.251,0.766,99.446,0.052C79.629-0.663,60.613,6.235,45.865,19.473l-0.574,0.516   c-0.266,0.239-0.526,0.486-0.78,0.739C15.152,50.087-0.238,91.188,0.003,139.589c0.411,82.222,45.6,176.25,120.879,251.528   c14.195,14.195,30.328,28.243,47.95,41.755c8.765,6.72,21.319,5.064,28.04-3.702c6.722-8.766,5.064-21.32-3.702-28.041   c-16.235-12.449-31.04-25.333-44.004-38.294C81.17,294.839,40.361,211.309,40.002,139.39   c-0.185-37.276,11.028-68.389,32.431-90.015l0.153-0.138c14.537-13.049,36.546-12.255,50.108,1.808   c51.779,53.698,48.03,79.049,25.15,102.511l-37.074,37.352c-5.814,5.858-7.433,14.686-4.076,22.226   c0.941,2.114,23.71,52.427,80.415,109.132l2.633,2.629c56.698,56.699,107.012,79.467,109.126,80.408   c7.538,3.359,16.368,1.739,22.225-4.075l37.353-37.075c23.465-22.881,48.816-26.628,102.511,25.151   c14.063,13.56,14.857,35.57,1.811,50.105l-0.142,0.157c-21.449,21.229-52.231,32.433-89.101,32.433c-0.304,0-0.608,0-0.913-0.002   c-29.471-0.147-63.598-8.226-98.689-23.362c-10.14-4.376-21.911,0.3-26.285,10.443c-4.375,10.143,0.3,21.911,10.443,26.286   c40.562,17.496,79.028,26.456,114.332,26.633c0.375,0.001,0.747,0.002,1.122,0.002c47.914,0,88.607-15.379,117.739-44.51   c0.253-0.254,0.499-0.513,0.738-0.78l0.519-0.577C505.768,451.385,512.665,432.357,511.95,412.553z\"><\/path>\t<\/g><\/g><g><\/g><g><\/g><g><\/g><g><\/g><g><\/g><g><\/g><g><\/g><g><\/g><g><\/g><g><\/g><g><\/g><g><\/g><g><\/g><g><\/g><g><\/g><\/svg>\t\t\t\t        \t\t\t\t        \t\t\t\t        <h5>+86-533-5206386 \/ +86-533-5206376<\/h5>\r\n\t\t\t        <\/div>\r\n\t\t\t\t\t<img fetchpriority=\"high\" decoding=\"async\" width=\"500\" height=\"220\" src=\"https:\/\/laifen-nonwovenfabric.com\/wp-content\/uploads\/2021\/12\/202112076.jpg\" class=\"attachment-full size-full wp-image-14921\" alt=\"\" \/>\t\t\t\t<\/div>\r\n\t\t\t<\/div>\r\n\t    <\/div>\r\n\r\n\t    \t\t\t\t<\/div>\n\t\t\t\t<\/div>\n\t\t\t\t\t<\/div>\n\t\t<\/div>\n\t\t\t\t<div class=\"elementor-column elementor-col-33 elementor-inner-column elementor-element elementor-element-13ca8f9 ot-flex-column-vertical\" data-id=\"13ca8f9\" data-element_type=\"column\">\n\t\t\t<div class=\"elementor-widget-wrap elementor-element-populated\">\n\t\t\t\t\t\t<div class=\"elementor-element elementor-element-0f2b5fa elementor-widget elementor-widget-iflip_box\" data-id=\"0f2b5fa\" data-element_type=\"widget\" data-widget_type=\"iflip_box.default\">\n\t\t\t\t<div class=\"elementor-widget-container\">\n\t\t\t\t\t\r\n\t\t<div class=\"support-box\">\r\n\t\t\t<div class=\"inner-box\">\r\n\t\t\t\t<div class=\"overlay flex-middle\">\r\n\t\t\t\t\t<div class=\"inner\">\r\n\t\t\t\t\t\t<p>Estamos en l\u00ednea las 24 horas del d\u00eda y le atendemos sinceramente. Toda su informaci\u00f3n se mantendr\u00e1 confidencial para usted.<\/p>\r\n\t\t\t\t\t<\/div>\r\n\t\t\t\t<\/div>\r\n\t\t\t\t<div class=\"content-box\">\r\n\t\t\t\t\t<div class=\"icon-title\">\r\n\t\t\t\t        \t\t\t\t        \t<svg xmlns=\"http:\/\/www.w3.org\/2000\/svg\" xmlns:xlink=\"http:\/\/www.w3.org\/1999\/xlink\" id=\"Capa_1\" x=\"0px\" y=\"0px\" viewbox=\"0 0 512 512\" style=\"enable-background:new 0 0 512 512;\" xml:space=\"preserve\"><g>\t<g>\t\t<path d=\"M498.826,206.613L317.294,24.881c-33.166-33.166-87.422-33.166-120.536-0.052L13.18,206.607   C4.681,215.106,0,226.406,0,238.426V467c0,24.816,20.229,45,45,45h422c24.81,0,45-20.224,45-45V238.426   C512,226.406,507.319,215.106,498.826,206.613z M217.919,46.094c10.776-10.776,24.929-16.163,39.083-16.163   c14.151,0,28.303,5.387,39.073,16.157l179.713,179.911L361.827,339.96l-51.794-52.041c-14.166-14.166-33-21.967-53.033-21.967   c-20.033,0-38.868,7.801-53.002,21.937l-52.177,51.877L36.288,225.944L217.919,46.094z M30,460.884V261.863l100.544,99.056   L30,460.884z M51.311,482c17.556-17.456,155.204-154.31,173.869-172.867c8.5-8.5,19.8-13.18,31.82-13.18   s23.32,4.681,31.794,13.155L460.866,482H51.311z M482,460.706l-99.011-99.482L482,262.213V460.706z\"><\/path>\t<\/g><\/g><g><\/g><g><\/g><g><\/g><g><\/g><g><\/g><g><\/g><g><\/g><g><\/g><g><\/g><g><\/g><g><\/g><g><\/g><g><\/g><g><\/g><g><\/g><\/svg>\t\t\t\t        \t\t\t\t        \t\t\t\t        <h5>sale@sd-laifen.com<\/h5>\r\n\t\t\t        <\/div>\r\n\t\t\t\t\t<img decoding=\"async\" width=\"500\" height=\"220\" src=\"https:\/\/laifen-nonwovenfabric.com\/wp-content\/uploads\/2021\/12\/2021120787.jpg\" class=\"attachment-full size-full wp-image-14919\" alt=\"\" \/>\t\t\t\t<\/div>\r\n\t\t\t<\/div>\r\n\t    <\/div>\r\n\r\n\t    \t\t\t\t<\/div>\n\t\t\t\t<\/div>\n\t\t\t\t\t<\/div>\n\t\t<\/div>\n\t\t\t\t<div class=\"elementor-column elementor-col-33 elementor-inner-column elementor-element elementor-element-0461755 ot-flex-column-vertical\" data-id=\"0461755\" data-element_type=\"column\">\n\t\t\t<div class=\"elementor-widget-wrap elementor-element-populated\">\n\t\t\t\t\t\t<div class=\"elementor-element elementor-element-125c47e elementor-widget elementor-widget-iflip_box\" data-id=\"125c47e\" data-element_type=\"widget\" data-widget_type=\"iflip_box.default\">\n\t\t\t\t<div class=\"elementor-widget-container\">\n\t\t\t\t\t\r\n\t\t<div class=\"support-box\">\r\n\t\t\t<div class=\"inner-box\">\r\n\t\t\t\t<div class=\"overlay flex-middle\">\r\n\t\t\t\t\t<div class=\"inner\">\r\n\t\t\t\t\t\t<p>Estamos en l\u00ednea las 24 horas del d\u00eda y le atendemos sinceramente. Toda su informaci\u00f3n se mantendr\u00e1 confidencial para usted.<\/p>\r\n\t\t\t\t\t<\/div>\r\n\t\t\t\t<\/div>\r\n\t\t\t\t<div class=\"content-box\">\r\n\t\t\t\t\t<div class=\"icon-title\">\r\n\t\t\t\t        \t\t\t\t        \t<svg xmlns=\"http:\/\/www.w3.org\/2000\/svg\" xmlns:xlink=\"http:\/\/www.w3.org\/1999\/xlink\" id=\"Capa_1\" x=\"0px\" y=\"0px\" viewbox=\"0 0 512 512\" style=\"enable-background:new 0 0 512 512;\" xml:space=\"preserve\"><g>\t<g>\t\t<path d=\"M425.951,89.021C386.864,32.451,324.917,0,256.006,0S125.148,32.451,86.061,89.021   c-38.895,56.284-47.876,127.541-24.072,190.496c6.367,17.192,16.488,33.895,30.01,49.547l150.378,176.634   c3.401,3.998,8.384,6.302,13.629,6.302c5.245,0,10.228-2.303,13.629-6.302l150.336-176.586   c13.582-15.742,23.69-32.427,30.004-49.481C473.827,216.562,464.846,145.305,425.951,89.021z M416.451,267.093   c-4.869,13.158-12.818,26.167-23.613,38.68c-0.03,0.03-0.06,0.06-0.084,0.096L256.006,466.487L119.174,305.768   c-10.789-12.502-18.738-25.51-23.655-38.794c-19.686-52.065-12.215-110.981,19.991-157.592   c32.307-46.76,83.519-73.578,140.496-73.578c56.976,0,108.182,26.817,140.49,73.578   C428.708,155.993,436.185,214.909,416.451,267.093z\"><\/path>\t<\/g><\/g><g>\t<g>\t\t<path d=\"M256.006,106.219c-55.276,0-100.252,44.97-100.252,100.252s44.97,100.252,100.252,100.252s100.252-44.97,100.252-100.252   C356.258,151.195,311.282,106.219,256.006,106.219z M256.006,270.918c-35.536,0-64.448-28.912-64.448-64.448   c0-35.536,28.912-64.448,64.448-64.448c35.536,0,64.448,28.912,64.448,64.448S291.542,270.918,256.006,270.918z\"><\/path>\t<\/g><\/g><g><\/g><g><\/g><g><\/g><g><\/g><g><\/g><g><\/g><g><\/g><g><\/g><g><\/g><g><\/g><g><\/g><g><\/g><g><\/g><g><\/g><g><\/g><\/svg>\t\t\t\t        \t\t\t\t        \t\t\t\t        <h5>Parque industrial de Wujia, distrito de Zhoucun, ciudad de Zibo, provincia de Shandong<\/h5>\r\n\t\t\t        <\/div>\r\n\t\t\t\t\t<img decoding=\"async\" width=\"500\" height=\"220\" src=\"https:\/\/laifen-nonwovenfabric.com\/wp-content\/uploads\/2021\/12\/2021120754.jpg\" class=\"attachment-full size-full wp-image-14920\" alt=\"\" \/>\t\t\t\t<\/div>\r\n\t\t\t<\/div>\r\n\t    <\/div>\r\n\r\n\t    \t\t\t\t<\/div>\n\t\t\t\t<\/div>\n\t\t\t\t\t<\/div>\n\t\t<\/div>\n\t\t\t\t\t<\/div>\n\t\t<\/section>\n\t\t\t\t<div class=\"elementor-element elementor-element-7a16f51 elementor-shape-rounded elementor-grid-0 e-grid-align-center elementor-widget elementor-widget-social-icons\" data-id=\"7a16f51\" data-element_type=\"widget\" data-widget_type=\"social-icons.default\">\n\t\t\t\t<div class=\"elementor-widget-container\">\n\t\t\t\t\t\t\t<div class=\"elementor-social-icons-wrapper elementor-grid\">\n\t\t\t\t\t\t\t<span class=\"elementor-grid-item\">\n\t\t\t\t\t<a class=\"elementor-icon elementor-social-icon elementor-social-icon-facebook elementor-repeater-item-54e9006\" href=\"https:\/\/www.facebook.com\/LaiFennonwoven-109550078262470\/\" target=\"_blank\">\n\t\t\t\t\t\t<span class=\"elementor-screen-only\">Facebook<\/span>\n\t\t\t\t\t\t<i class=\"fab fa-facebook\"><\/i>\t\t\t\t\t<\/a>\n\t\t\t\t<\/span>\n\t\t\t\t\t\t\t<span class=\"elementor-grid-item\">\n\t\t\t\t\t<a class=\"elementor-icon elementor-social-icon elementor-social-icon-linkedin elementor-repeater-item-6ae7a88\" target=\"_blank\">\n\t\t\t\t\t\t<span class=\"elementor-screen-only\">Linkedin<\/span>\n\t\t\t\t\t\t<i class=\"fab fa-linkedin\"><\/i>\t\t\t\t\t<\/a>\n\t\t\t\t<\/span>\n\t\t\t\t\t\t\t<span class=\"elementor-grid-item\">\n\t\t\t\t\t<a class=\"elementor-icon elementor-social-icon elementor-social-icon-youtube elementor-repeater-item-df24fbc\" href=\"https:\/\/www.youtube.com\/watch?v=015UmRuADi8\" target=\"_blank\">\n\t\t\t\t\t\t<span class=\"elementor-screen-only\">Youtube<\/span>\n\t\t\t\t\t\t<i class=\"fab fa-youtube\"><\/i>\t\t\t\t\t<\/a>\n\t\t\t\t<\/span>\n\t\t\t\t\t<\/div>\n\t\t\t\t\t\t<\/div>\n\t\t\t\t<\/div>\n\t\t\t\t<section class=\"elementor-section elementor-inner-section elementor-element elementor-element-9b89fa1 elementor-section-boxed elementor-section-height-default elementor-section-height-default elementor-invisible\" data-id=\"9b89fa1\" data-element_type=\"section\" data-settings=\"{&quot;animation&quot;:&quot;fadeInUp&quot;}\">\n\t\t\t\t\t\t<div class=\"elementor-container elementor-column-gap-default\">\n\t\t\t\t\t<div class=\"elementor-column elementor-col-100 elementor-inner-column elementor-element elementor-element-e87af23 ot-flex-column-vertical\" data-id=\"e87af23\" data-element_type=\"column\">\n\t\t\t<div class=\"elementor-widget-wrap elementor-element-populated\">\n\t\t\t\t\t\t<div class=\"elementor-element elementor-element-e47903e elementor-widget-divider--view-line elementor-widget elementor-widget-divider\" data-id=\"e47903e\" data-element_type=\"widget\" data-widget_type=\"divider.default\">\n\t\t\t\t<div class=\"elementor-widget-container\">\n\t\t\t\t\t\t\t<div class=\"elementor-divider\">\n\t\t\t<span class=\"elementor-divider-separator\">\n\t\t\t\t\t\t<\/span>\n\t\t<\/div>\n\t\t\t\t\t\t<\/div>\n\t\t\t\t<\/div>\n\t\t\t\t<div class=\"elementor-element elementor-element-0c47550 elementor-widget elementor-widget-heading\" data-id=\"0c47550\" data-element_type=\"widget\" data-widget_type=\"heading.default\">\n\t\t\t\t<div class=\"elementor-widget-container\">\n\t\t\t\t\t<h2 class=\"elementor-heading-title elementor-size-default\">\u00a1Simplemente complete el formulario y nos comunicaremos con usted pronto!<\/h2>\t\t\t\t<\/div>\n\t\t\t\t<\/div>\n\t\t\t\t<div class=\"elementor-element elementor-element-9e79c7c elementor-widget elementor-widget-text-editor\" data-id=\"9e79c7c\" data-element_type=\"widget\" data-widget_type=\"text-editor.default\">\n\t\t\t\t<div class=\"elementor-widget-container\">\n\t\t\t\t\t\t\t\t\t<p>\n<div class=\"wpcf7 no-js\" id=\"wpcf7-f14351-o1\" lang=\"en-US\" dir=\"ltr\" data-wpcf7-id=\"14351\">\n<div class=\"screen-reader-response\"><p role=\"status\" aria-live=\"polite\" aria-atomic=\"true\"><\/p> <ul><\/ul><\/div>\n<form action=\"\/es\/wp-json\/wp\/v2\/pages\/2014#wpcf7-f14351-o1\" method=\"post\" class=\"wpcf7-form init\" aria-label=\"Contact form\" novalidate=\"novalidate\" data-status=\"init\" data-trp-original-action=\"\/es\/wp-json\/wp\/v2\/pages\/2014#wpcf7-f14351-o1\">\n<div style=\"display: none;\">\n<input type=\"hidden\" name=\"_wpcf7\" value=\"14351\" \/>\n<input type=\"hidden\" name=\"_wpcf7_version\" value=\"6.0.3\" \/>\n<input type=\"hidden\" name=\"_wpcf7_locale\" value=\"en_US\" \/>\n<input type=\"hidden\" name=\"_wpcf7_unit_tag\" value=\"wpcf7-f14351-o1\" \/>\n<input type=\"hidden\" name=\"_wpcf7_container_post\" value=\"0\" \/>\n<input type=\"hidden\" name=\"_wpcf7_posted_data_hash\" value=\"\" \/>\n<input type=\"hidden\" name=\"_wpcf7_recaptcha_response\" value=\"\" \/>\n<\/div>\n<div class=\"main-form lx_proshow_from\">\n\t<p><span class=\"proshow_from_l\">Nombre *<\/span><span class=\"wpcf7-form-control-wrap\" data-name=\"your-name\"><input size=\"40\" maxlength=\"400\" class=\"wpcf7-form-control wpcf7-text wpcf7-validates-as-required\" aria-required=\"true\" aria-invalid=\"false\" value=\"\" type=\"text\" name=\"your-name\" \/><\/span>\n\t<\/p>\n\t<p><span class=\"proshow_from_l\">Email *<\/span><span class=\"wpcf7-form-control-wrap\" data-name=\"your-email\"><input size=\"40\" maxlength=\"400\" class=\"wpcf7-form-control wpcf7-email wpcf7-validates-as-required wpcf7-text wpcf7-validates-as-email\" aria-required=\"true\" aria-invalid=\"false\" value=\"\" type=\"email\" name=\"your-email\" \/><\/span>\n\t<\/p>\n\t<p><span class=\"proshow_from_l\">Deja un mensaje *<\/span><span class=\"wpcf7-form-control-wrap\" data-name=\"your-message\"><textarea cols=\"40\" rows=\"10\" maxlength=\"2000\" class=\"wpcf7-form-control wpcf7-textarea\" aria-invalid=\"false\" name=\"your-message\"><\/textarea><\/span>\n\t<\/p>\n\t<p style=\"clear: both;\"><button type=\"submit\" class=\"octf-btn\">ENTREGAR<\/button>\n\t<\/p>\n<\/div><div class=\"wpcf7-response-output\" aria-hidden=\"true\"><\/div>\n<input type=\"hidden\" name=\"trp-form-language\" value=\"es\"\/><\/form>\n<\/div>\n<\/p>\t\t\t\t\t\t\t\t<\/div>\n\t\t\t\t<\/div>\n\t\t\t\t<div class=\"elementor-element elementor-element-4153f0b elementor-widget elementor-widget-text-editor\" data-id=\"4153f0b\" data-element_type=\"widget\" data-widget_type=\"text-editor.default\">\n\t\t\t\t<div class=\"elementor-widget-container\">\n\t\t\t\t\t\t\t\t\t<iframe src=\"https:\/\/www.google.com\/maps\/embed?pb=!1m14!1m8!1m3!1d8780.236217868482!2d117.91978677068994!3d36.78869305484495!3m2!1i1024!2i768!4f13.1!3m3!1m2!1s0x35ea61e3d6d80485%3A0x99b6e1d123f46bcf!2sShandong%20Laifen%20Wufangbu%20Limited%20Company!5e0!3m2!1sen!2sde!4v1641373155825!5m2!1sen!2sde\" width=\"600\" height=\"450\" style=\"border:0;\" allowfullscreen=\"\" loading=\"lazy\"><\/iframe>\t\t\t\t\t\t\t\t<\/div>\n\t\t\t\t<\/div>\n\t\t\t\t\t<\/div>\n\t\t<\/div>\n\t\t\t\t\t<\/div>\n\t\t<\/section>\n\t\t\t\t\t<\/div>\n\t\t<\/div>\n\t\t\t\t\t<\/div>\n\t\t<\/section>\n\t\t\t\t<\/div>","protected":false},"excerpt":{"rendered":"<p>Contact us We are online 24 hours a day and serve you sincerely. All your information will be kept confidential for you. +86-533-5206386 \/ +86-533-5206376 We are online 24 hours a day and serve you sincerely. All your information will be kept confidential for you. sale@sd-laifen.com We are online 24 hours a day and serve [&hellip;]<\/p>","protected":false},"author":1,"featured_media":0,"parent":0,"menu_order":0,"comment_status":"closed","ping_status":"closed","template":"","meta":{"footnotes":""},"class_list":["post-2014","page","type-page","status-publish","hentry"],"_links":{"self":[{"href":"https:\/\/laifen-nonwovenfabric.com\/es\/wp-json\/wp\/v2\/pages\/2014","targetHints":{"allow":["GET"]}}],"collection":[{"href":"https:\/\/laifen-nonwovenfabric.com\/es\/wp-json\/wp\/v2\/pages"}],"about":[{"href":"https:\/\/laifen-nonwovenfabric.com\/es\/wp-json\/wp\/v2\/types\/page"}],"author":[{"embeddable":true,"href":"https:\/\/laifen-nonwovenfabric.com\/es\/wp-json\/wp\/v2\/users\/1"}],"replies":[{"embeddable":true,"href":"https:\/\/laifen-nonwovenfabric.com\/es\/wp-json\/wp\/v2\/comments?post=2014"}],"version-history":[{"count":0,"href":"https:\/\/laifen-nonwovenfabric.com\/es\/wp-json\/wp\/v2\/pages\/2014\/revisions"}],"wp:attachment":[{"href":"https:\/\/laifen-nonwovenfabric.com\/es\/wp-json\/wp\/v2\/media?parent=2014"}],"curies":[{"name":"wp","href":"https:\/\/api.w.org\/{rel}","templated":true}]}}